{"id":80,"date":"2026-02-12T11:57:15","date_gmt":"2026-02-12T10:57:15","guid":{"rendered":"https:\/\/bergbergmann.de\/?page_id=80"},"modified":"2026-02-12T12:21:23","modified_gmt":"2026-02-12T11:21:23","slug":"datenschutz","status":"publish","type":"page","link":"https:\/\/bergbergmann.de\/en\/datenschutz\/","title":{"rendered":"Datenschutzerkl\u00e4rung"},"content":{"rendered":"<div class=\"wp-block-columns alignwide is-not-stacked-on-mobile is-layout-flex wp-container-core-columns-is-layout-28f84493 wp-block-columns-is-layout-flex\">\n<div class=\"wp-block-column is-vertically-aligned-center is-layout-flow wp-block-column-is-layout-flow\"><div class=\"wp-block-site-logo\"><a href=\"https:\/\/bergbergmann.de\/en\/\" class=\"custom-logo-link\" rel=\"home\"><img loading=\"lazy\" decoding=\"async\" width=\"224\" height=\"74\" src=\"https:\/\/bergbergmann.de\/wp-content\/uploads\/2026\/02\/Berg-Bergmann-Wortmarke-MitLogo-20260206.png\" class=\"custom-logo\" alt=\"Wort- und Bildmarke Berg &amp; Bergmann Gyn\u00e4kologie, Praxis f\u00fcr Frauenheilkunde und Geburtshilfe\" srcset=\"https:\/\/bergbergmann.de\/wp-content\/uploads\/2026\/02\/Berg-Bergmann-Wortmarke-MitLogo-20260206.png 1583w, https:\/\/bergbergmann.de\/wp-content\/uploads\/2026\/02\/Berg-Bergmann-Wortmarke-MitLogo-20260206-300x100.png 300w, https:\/\/bergbergmann.de\/wp-content\/uploads\/2026\/02\/Berg-Bergmann-Wortmarke-MitLogo-20260206-1024x341.png 1024w, https:\/\/bergbergmann.de\/wp-content\/uploads\/2026\/02\/Berg-Bergmann-Wortmarke-MitLogo-20260206-768x256.png 768w, https:\/\/bergbergmann.de\/wp-content\/uploads\/2026\/02\/Berg-Bergmann-Wortmarke-MitLogo-20260206-1536x511.png 1536w, https:\/\/bergbergmann.de\/wp-content\/uploads\/2026\/02\/Berg-Bergmann-Wortmarke-MitLogo-20260206-18x6.png 18w\" sizes=\"auto, (max-width: 224px) 100vw, 224px\" \/><\/a><\/div><\/div>\n\n\n\n<div class=\"wp-block-column is-vertically-aligned-center is-layout-flow wp-block-column-is-layout-flow\"><nav class=\"has-large-font-size is-responsive items-justified-right wp-block-navigation is-horizontal is-content-justification-right is-layout-flex wp-container-core-navigation-is-layout-476cea55 wp-block-navigation-is-layout-flex\" aria-label=\"Navigation\" \n\t\t data-wp-interactive=\"core\/navigation\" data-wp-context='{\"overlayOpenedBy\":{\"click\":false,\"hover\":false,\"focus\":false},\"type\":\"overlay\",\"roleAttribute\":\"\",\"ariaLabel\":\"Menu\"}'><button aria-haspopup=\"dialog\" aria-label=\"Open menu\" class=\"wp-block-navigation__responsive-container-open\" \n\t\t\t\tdata-wp-on--click=\"actions.openMenuOnClick\"\n\t\t\t\tdata-wp-on--keydown=\"actions.handleMenuKeydown\"\n\t\t\t><svg width=\"24\" height=\"24\" xmlns=\"http:\/\/www.w3.org\/2000\/svg\" viewbox=\"0 0 24 24\" aria-hidden=\"true\" focusable=\"false\"><path d=\"M4 7.5h16v1.5H4z\"><\/path><path d=\"M4 15h16v1.5H4z\"><\/path><\/svg><\/button>\n\t\t\t\t<div class=\"wp-block-navigation__responsive-container\"  id=\"modal-1\" \n\t\t\t\tdata-wp-class--has-modal-open=\"state.isMenuOpen\"\n\t\t\t\tdata-wp-class--is-menu-open=\"state.isMenuOpen\"\n\t\t\t\tdata-wp-watch=\"callbacks.initMenu\"\n\t\t\t\tdata-wp-on--keydown=\"actions.handleMenuKeydown\"\n\t\t\t\tdata-wp-on--focusout=\"actions.handleMenuFocusout\"\n\t\t\t\ttabindex=\"-1\"\n\t\t\t>\n\t\t\t\t\t<div class=\"wp-block-navigation__responsive-close\" tabindex=\"-1\">\n\t\t\t\t\t\t<div class=\"wp-block-navigation__responsive-dialog\" \n\t\t\t\tdata-wp-bind--aria-modal=\"state.ariaModal\"\n\t\t\t\tdata-wp-bind--aria-label=\"state.ariaLabel\"\n\t\t\t\tdata-wp-bind--role=\"state.roleAttribute\"\n\t\t\t>\n\t\t\t\t\t\t\t<button aria-label=\"Close menu\" class=\"wp-block-navigation__responsive-container-close\" \n\t\t\t\tdata-wp-on--click=\"actions.closeMenuOnClick\"\n\t\t\t><svg xmlns=\"http:\/\/www.w3.org\/2000\/svg\" viewbox=\"0 0 24 24\" width=\"24\" height=\"24\" aria-hidden=\"true\" focusable=\"false\"><path d=\"m13.06 12 6.47-6.47-1.06-1.06L12 10.94 5.53 4.47 4.47 5.53 10.94 12l-6.47 6.47 1.06 1.06L12 13.06l6.47 6.47 1.06-1.06L13.06 12Z\"><\/path><\/svg><\/button>\n\t\t\t\t\t\t\t<div class=\"wp-block-navigation__responsive-container-content\" \n\t\t\t\tdata-wp-watch=\"callbacks.focusFirstElement\"\n\t\t\t id=\"modal-1-content\">\n\t\t\t\t\t\t\t\t<ul class=\"wp-block-navigation__container has-large-font-size is-responsive items-justified-right wp-block-navigation has-large-font-size\"><li class=\"has-large-font-size wp-block-navigation-item wp-block-navigation-link\"><a class=\"wp-block-navigation-item__content\"  href=\"https:\/\/bergbergmann.de\/en\/\"><span class=\"wp-block-navigation-item__label\">Home<\/span><\/a><\/li><li class=\"has-large-font-size wp-block-navigation-item wp-block-navigation-link\"><a class=\"wp-block-navigation-item__content\"  href=\"https:\/\/bergbergmann.de\/en\/datenschutz\/\"><span class=\"wp-block-navigation-item__label\">Datenschutzerkl\u00e4rung<\/span><\/a><\/li><li class=\"has-large-font-size wp-block-navigation-item wp-block-navigation-link\"><a class=\"wp-block-navigation-item__content\"  href=\"https:\/\/bergbergmann.de\/en\/impressum\/\"><span class=\"wp-block-navigation-item__label\">Impressum<\/span><\/a><\/li><\/ul>\n\t\t\t\t\t\t\t<\/div>\n\t\t\t\t\t\t<\/div>\n\t\t\t\t\t<\/div>\n\t\t\t\t<\/div><\/nav><\/div>\n<\/div>\n\n\n\n<div class=\"wp-block-group alignfull has-background is-layout-flow wp-block-group-is-layout-flow\" style=\"background-color:#ffc2ce42\">\n<div class=\"wp-block-columns alignwide are-vertically-aligned-center is-layout-flex wp-container-core-columns-is-layout-28f84493 wp-block-columns-is-layout-flex\">\n<div class=\"wp-block-column is-layout-flow wp-block-column-is-layout-flow\" style=\"flex-basis:50%\">\n<p class=\"has-foreground-color has-text-color\" style=\"font-size:clamp(18.959px, 1.185rem + ((1vw - 3.2px) * 0.69), 30px);line-height:1.1\"><strong>Datenschutzerkl\u00e4rung<\/strong><\/p>\n<\/div>\n<\/div>\n\n\n\n<div class=\"wp-block-columns alignwide is-layout-flex wp-container-core-columns-is-layout-28f84493 wp-block-columns-is-layout-flex\">\n<div class=\"wp-block-column has-foreground-color has-text-color has-link-color wp-elements-4fff4d27c18c1f3236c38378a096c1da is-layout-flow wp-block-column-is-layout-flow\"><\/div>\n\n\n\n<div class=\"wp-block-column has-foreground-color has-text-color has-link-color wp-elements-2a92946ecdf9feb243bf15dc899a11f2 is-layout-flow wp-block-column-is-layout-flow\">\n<p class=\"has-foreground-color has-text-color has-extra-small-font-size\">Personenbezogene Daten (nachfolgend zumeist nur \u201eDaten\u201c genannt) werden von uns nur im Rahmen der Erforderlichkeit sowie zum Zwecke der Bereitstellung eines funktionsf\u00e4higen und nutzerfreundlichen Internetauftritts, inklusive seiner Inhalte und der dort angebotenen Leistungen, verarbeitet.<\/p>\n\n\n\n<p>Gem\u00e4\u00df&nbsp;<a href=\"http:\/\/dejure.org\/gesetze\/DSGVO\/4.html\" target=\"_blank\" rel=\"noreferrer noopener\">Art. 4 Ziffer 1<\/a>. der Verordnung (EU) 2016\/679, also der Datenschutz-Grundverordnung (nachfolgend nur \u201eDSGVO\u201c genannt), gilt als \u201eVerarbeitung\u201c jeder mit oder ohne Hilfe automatisierter Verfahren ausgef\u00fchrter Vorgang oder jede solche Vorgangsreihe im Zusammenhang mit personenbezogenen Daten, wie das Erheben, das Erfassen, die Organisation, das Ordnen, die Speicherung, die Anpassung oder Ver\u00e4nderung, das Auslesen, das Abfragen, die Verwendung, die Offenlegung durch \u00dcbermittlung, Verbreitung oder eine andere Form der Bereitstellung, den Abgleich oder die Verkn\u00fcpfung, die Einschr\u00e4nkung, das L\u00f6schen oder die Vernichtung.<\/p>\n\n\n\n<p>Mit der nachfolgenden Datenschutzerkl\u00e4rung informieren wir Sie insbesondere \u00fcber Art, Umfang, Zweck, Dauer und Rechtsgrundlage der Verarbeitung personenbezogener Daten, soweit wir entweder allein oder gemeinsam mit anderen \u00fcber die Zwecke und Mittel der Verarbeitung entscheiden. Zudem informieren wir Sie nachfolgend \u00fcber die von uns zu Optimierungszwecken sowie zur Steigerung der Nutzungsqualit\u00e4t eingesetzten Fremdkomponenten, soweit hierdurch Dritte Daten in wiederum eigener Verantwortung verarbeiten.<\/p>\n\n\n\n<p>Unsere Datenschutzerkl\u00e4rung ist wie folgt gegliedert:<\/p>\n\n\n\n<p class=\"has-foreground-color has-text-color has-extra-small-font-size\">I. Informationen \u00fcber uns als Verantwortliche<br>II. Rechte der Nutzer und Betroffenen<br>III. Informationen zur Datenverarbeitung<\/p>\n<\/div>\n\n\n\n<div class=\"wp-block-column has-foreground-color has-text-color has-link-color wp-elements-b4cb8dd91e12bd9d4f2ab5a70a794113 is-layout-flow wp-block-column-is-layout-flow\">\n<p class=\"has-foreground-color has-text-color has-extra-small-font-size\">I. Informationen \u00fcber uns als Verantwortliche<\/p>\n\n\n\n<p><span style=\"font-size: 20.8155px; letter-spacing: -0.208155px; white-space: normal;\">Dr. med. Angela Bergmann, Dr. med. Inga Bergmann\u2028<\/span><br><span style=\"font-size: 20.8155px; letter-spacing: -0.208155px; white-space: normal;\">Fach\u00e4rztinnen f\u00fcr Frauenheilkunde und Geburtshilfe\u2028<\/span><br><span style=\"font-size: 20.8155px; letter-spacing: -0.208155px; white-space: normal;\">Brunnenstra\u00dfe 26<\/span><br><span style=\"font-size: 20.8155px; letter-spacing: -0.208155px; white-space: normal;\">10119 Berlin<\/span><br><span style=\"font-size: 20.8155px; letter-spacing: -0.208155px; white-space: normal;\">Tel.: 030-4490119<\/span><br><span style=\"font-size: 20.8155px; letter-spacing: -0.208155px; white-space: normal;\">E-Mail: info(at)bergbergmann.de<\/span><\/p>\n\n\n\n<p>Datenschutzbeauftragte:<br><span style=\"font-size: 20.8155px; letter-spacing: -0.208155px; white-space: normal;\">Dr. med. Angela Bergmann, Dr. med. Inga Bergmann<\/span><\/p>\n\n\n\n<h3 class=\"wp-block-heading\">II. Rechte der Nutzer und Betroffenen<\/h3>\n\n\n\n<p>Mit Blick auf die nachfolgend noch n\u00e4her beschriebene Datenverarbeitung haben die Nutzer und Betroffenen das Recht<\/p>\n\n\n\n<ul class=\"wp-block-list\">\n<li>auf Best\u00e4tigung, ob sie betreffende Daten verarbeitet werden, auf Auskunft \u00fcber die verarbeiteten Daten, auf weitere Informationen \u00fcber die Datenverarbeitung sowie auf Kopien der Daten (vgl. auch&nbsp;<a href=\"http:\/\/dejure.org\/gesetze\/DSGVO\/15.html\" target=\"_blank\" rel=\"noreferrer noopener\">Art. 15 DSGVO<\/a>);<\/li>\n\n\n\n<li>auf Berichtigung oder Vervollst\u00e4ndigung unrichtiger bzw. unvollst\u00e4ndiger Daten (vgl. auch&nbsp;<a href=\"http:\/\/dejure.org\/gesetze\/DSGVO\/16.html\" target=\"_blank\" rel=\"noreferrer noopener\">Art. 16 DSGVO<\/a>);<\/li>\n\n\n\n<li>auf unverz\u00fcgliche L\u00f6schung der sie betreffenden Daten (vgl. auch&nbsp;<a href=\"http:\/\/dejure.org\/gesetze\/DSGVO\/17.html\" target=\"_blank\" rel=\"noreferrer noopener\">Art. 17 DSGVO<\/a>), oder, alternativ, soweit eine weitere Verarbeitung gem\u00e4\u00df&nbsp;<a href=\"http:\/\/dejure.org\/gesetze\/DSGVO\/17.html\" target=\"_blank\" rel=\"noreferrer noopener\">Art. 17 Abs. 3 DSGVO<\/a>&nbsp;erforderlich ist, auf Einschr\u00e4nkung der Verarbeitung nach Ma\u00dfgabe von&nbsp;<a href=\"http:\/\/dejure.org\/gesetze\/DSGVO\/18.html\" target=\"_blank\" rel=\"noreferrer noopener\">Art. 18 DSGVO<\/a>;<\/li>\n\n\n\n<li>auf Erhalt der sie betreffenden und von ihnen bereitgestellten Daten und auf \u00dcbermittlung dieser Daten an andere Anbieter\/Verantwortliche (vgl. auch&nbsp;<a href=\"http:\/\/dejure.org\/gesetze\/DSGVO\/20.html\" target=\"_blank\" rel=\"noreferrer noopener\">Art. 20 DSGVO<\/a>);<\/li>\n\n\n\n<li>auf Beschwerde gegen\u00fcber der Aufsichtsbeh\u00f6rde, sofern sie der Ansicht sind, dass die sie betreffenden Daten durch den Anbieter unter Versto\u00df gegen datenschutzrechtliche Bestimmungen verarbeitet werden (vgl. auch&nbsp;<a href=\"http:\/\/dejure.org\/gesetze\/DSGVO\/77.html\" target=\"_blank\" rel=\"noreferrer noopener\">Art. 77 DSGVO<\/a>).<\/li>\n<\/ul>\n\n\n\n<p>Dar\u00fcber hinaus ist der Anbieter dazu verpflichtet, alle Empf\u00e4nger, denen gegen\u00fcber Daten durch den Anbieter offengelegt worden sind, \u00fcber jedwede Berichtigung oder L\u00f6schung von Daten oder die Einschr\u00e4nkung der Verarbeitung, die aufgrund der&nbsp;<a href=\"http:\/\/dejure.org\/gesetze\/DSGVO\/16.html\" target=\"_blank\" rel=\"noreferrer noopener\">Artikel 16<\/a>,&nbsp;<a href=\"http:\/\/dejure.org\/gesetze\/DSGVO\/17.html\" target=\"_blank\" rel=\"noreferrer noopener\">17 Abs. 1<\/a>,&nbsp;<a href=\"http:\/\/dejure.org\/gesetze\/DSGVO\/18.html\" target=\"_blank\" rel=\"noreferrer noopener\">18 DSGVO<\/a>&nbsp;erfolgt, zu unterrichten. Diese Verpflichtung besteht jedoch nicht, soweit diese Mitteilung unm\u00f6glich oder mit einem unverh\u00e4ltnism\u00e4\u00dfigen Aufwand verbunden ist. Unbeschadet dessen hat der Nutzer ein Recht auf Auskunft \u00fcber diese Empf\u00e4nger.<\/p>\n\n\n\n<p><strong>Ebenfalls haben die Nutzer und Betroffenen nach&nbsp;<a href=\"http:\/\/dejure.org\/gesetze\/DSGVO\/21.html\" target=\"_blank\" rel=\"noreferrer noopener\">Art. 21 DSGVO<\/a>&nbsp;das Recht auf Widerspruch gegen die k\u00fcnftige Verarbeitung der sie betreffenden Daten, sofern die Daten durch den Anbieter nach Ma\u00dfgabe von&nbsp;<a href=\"http:\/\/dejure.org\/gesetze\/DSGVO\/6.html\" target=\"_blank\" rel=\"noreferrer noopener\">Art. 6 Abs. 1 lit. f) DSGVO<\/a>&nbsp;verarbeitet werden. Insbesondere ist ein Widerspruch gegen die Datenverarbeitung zum Zwecke der Direktwerbung statthaft.<\/strong><\/p>\n\n\n\n<h3 class=\"wp-block-heading\">III. Informationen zur Datenverarbeitung<\/h3>\n\n\n\n<p>Ihre bei Nutzung unseres Internetauftritts verarbeiteten Daten werden gel\u00f6scht oder gesperrt, sobald der Zweck der Speicherung entf\u00e4llt, der L\u00f6schung der Daten keine gesetzlichen Aufbewahrungspflichten entgegenstehen und nachfolgend keine anderslautenden Angaben zu einzelnen Verarbeitungsverfahren gemacht werden.<\/p>\n\n\n\n<p class=\"has-text-color has-extra-small-font-size\" style=\"color:#000000\"><a href=\"https:\/\/www.xn--generator-datenschutzerklrung-pqc.de\/\" target=\"_blank\" rel=\"noreferrer noopener\">Muster-Datenschutzerkl\u00e4rung<\/a>&nbsp;der&nbsp;<a href=\"https:\/\/www.xn--bewertung-lschen24-n3b.de\/\" target=\"_blank\" rel=\"noreferrer noopener\">Anwaltskanzlei Wei\u00df &amp; Partner<\/a><\/p>\n<\/div>\n<\/div>\n\n\n\n<div style=\"height:40px\" aria-hidden=\"true\" class=\"wp-block-spacer\"><\/div>\n<\/div>","protected":false},"excerpt":{"rendered":"<p>Datenschutzerkl\u00e4rung Personenbezogene Daten (nachfolgend zumeist nur \u201eDaten\u201c genannt) werden von uns nur im Rahmen der Erforderlichkeit sowie zum Zwecke der Bereitstellung eines funktionsf\u00e4higen und nutzerfreundlichen Internetauftritts, inklusive seiner Inhalte und der dort angebotenen Leistungen, verarbeitet. Gem\u00e4\u00df&nbsp;Art. 4 Ziffer 1. der Verordnung (EU) 2016\/679, also der Datenschutz-Grundverordnung (nachfolgend nur \u201eDSGVO\u201c genannt), gilt als \u201eVerarbeitung\u201c jeder mit [&hellip;]<\/p>\n","protected":false},"author":1,"featured_media":0,"parent":0,"menu_order":0,"comment_status":"closed","ping_status":"closed","template":"page-without-title","meta":{"footnotes":""},"class_list":["post-80","page","type-page","status-publish","hentry"],"_links":{"self":[{"href":"https:\/\/bergbergmann.de\/en\/wp-json\/wp\/v2\/pages\/80","targetHints":{"allow":["GET"]}}],"collection":[{"href":"https:\/\/bergbergmann.de\/en\/wp-json\/wp\/v2\/pages"}],"about":[{"href":"https:\/\/bergbergmann.de\/en\/wp-json\/wp\/v2\/types\/page"}],"author":[{"embeddable":true,"href":"https:\/\/bergbergmann.de\/en\/wp-json\/wp\/v2\/users\/1"}],"replies":[{"embeddable":true,"href":"https:\/\/bergbergmann.de\/en\/wp-json\/wp\/v2\/comments?post=80"}],"version-history":[{"count":5,"href":"https:\/\/bergbergmann.de\/en\/wp-json\/wp\/v2\/pages\/80\/revisions"}],"predecessor-version":[{"id":99,"href":"https:\/\/bergbergmann.de\/en\/wp-json\/wp\/v2\/pages\/80\/revisions\/99"}],"wp:attachment":[{"href":"https:\/\/bergbergmann.de\/en\/wp-json\/wp\/v2\/media?parent=80"}],"curies":[{"name":"wp","href":"https:\/\/api.w.org\/{rel}","templated":true}]}}